{"id":346,"date":"2018-10-08T09:53:23","date_gmt":"2018-10-08T09:53:23","guid":{"rendered":"http:\/\/themes.themegoods.com\/musico\/demo\/?page_id=346"},"modified":"2025-01-20T21:43:11","modified_gmt":"2025-01-20T21:43:11","slug":"video-gallery","status":"publish","type":"page","link":"https:\/\/www.bogotapianotrio.com\/en\/video-gallery\/","title":{"rendered":"Galeria de videos"},"content":{"rendered":"\t\t<div data-elementor-type=\"wp-post\" data-elementor-id=\"346\" class=\"elementor elementor-346\">\n\t\t\t\t\t\t<section class=\"elementor-section elementor-top-section elementor-element elementor-element-c499696 headline transparent elementor-section-stretched elementor-section-boxed elementor-section-height-default elementor-section-height-default\" data-id=\"c499696\" data-element_type=\"section\" data-e-type=\"section\" data-settings=\"{&quot;stretch_section&quot;:&quot;section-stretched&quot;,&quot;background_background&quot;:&quot;slideshow&quot;,&quot;shape_divider_bottom&quot;:&quot;tilt&quot;,&quot;background_slideshow_gallery&quot;:[{&quot;id&quot;:2353,&quot;url&quot;:&quot;https:\\\/\\\/www.bogotapianotrio.com\\\/wp-content\\\/uploads\\\/2023\\\/05\\\/portada.jpg&quot;}],&quot;background_slideshow_loop&quot;:&quot;yes&quot;,&quot;background_slideshow_slide_duration&quot;:5000,&quot;background_slideshow_slide_transition&quot;:&quot;fade&quot;,&quot;background_slideshow_transition_duration&quot;:500}\">\n\t\t\t\t\t\t\t<div class=\"elementor-background-overlay\"><\/div>\n\t\t\t\t\t\t<div class=\"elementor-shape elementor-shape-bottom\" aria-hidden=\"true\" data-negative=\"false\">\n\t\t\t<svg xmlns=\"http:\/\/www.w3.org\/2000\/svg\" viewBox=\"0 0 1000 100\" preserveAspectRatio=\"none\">\n\t<path class=\"elementor-shape-fill\" d=\"M0,6V0h1000v100L0,6z\"\/>\n<\/svg>\t\t<\/div>\n\t\t\t\t\t<div class=\"elementor-container elementor-column-gap-default\">\n\t\t\t\t\t<div class=\"elementor-column elementor-col-100 elementor-top-column elementor-element elementor-element-a39fcb5\" data-id=\"a39fcb5\" data-element_type=\"column\" data-e-type=\"column\">\n\t\t\t<div class=\"elementor-widget-wrap elementor-element-populated\">\n\t\t\t\t\t\t<div class=\"elementor-element elementor-element-d6510a1 animated-fast elementor-invisible elementor-widget elementor-widget-heading\" data-id=\"d6510a1\" data-element_type=\"widget\" data-e-type=\"widget\" data-settings=\"{&quot;_animation&quot;:&quot;fadeInUp&quot;}\" data-widget_type=\"heading.default\">\n\t\t\t\t<div class=\"elementor-widget-container\">\n\t\t\t\t\t<span class=\"elementor-heading-title elementor-size-default\">\u00daltimos<\/span>\t\t\t\t<\/div>\n\t\t\t\t<\/div>\n\t\t\t\t<div class=\"elementor-element elementor-element-870639a animated-fast elementor-invisible elementor-widget elementor-widget-heading\" data-id=\"870639a\" data-element_type=\"widget\" data-e-type=\"widget\" data-settings=\"{&quot;_animation&quot;:&quot;fadeInUp&quot;,&quot;_animation_delay&quot;:200}\" data-widget_type=\"heading.default\">\n\t\t\t\t<div class=\"elementor-widget-container\">\n\t\t\t\t\t<h1 class=\"elementor-heading-title elementor-size-default\">Videos<\/h1>\t\t\t\t<\/div>\n\t\t\t\t<\/div>\n\t\t\t\t\t<\/div>\n\t\t<\/div>\n\t\t\t\t\t<\/div>\n\t\t<\/section>\n\t\t\t\t<section class=\"elementor-section elementor-top-section elementor-element elementor-element-13c870b0 elementor-section-stretched elementor-section-boxed elementor-section-height-default elementor-section-height-default\" data-id=\"13c870b0\" data-element_type=\"section\" data-e-type=\"section\" data-settings=\"{&quot;stretch_section&quot;:&quot;section-stretched&quot;,&quot;background_background&quot;:&quot;classic&quot;}\">\n\t\t\t\t\t\t\t<div class=\"elementor-background-overlay\"><\/div>\n\t\t\t\t\t\t\t<div class=\"elementor-container elementor-column-gap-default\">\n\t\t\t\t\t<div class=\"elementor-column elementor-col-100 elementor-top-column elementor-element elementor-element-15e688ad\" data-id=\"15e688ad\" data-element_type=\"column\" data-e-type=\"column\">\n\t\t\t<div class=\"elementor-widget-wrap elementor-element-populated\">\n\t\t\t\t\t\t<div class=\"elementor-element elementor-element-20339578 animated-fast elementor-invisible elementor-widget elementor-widget-musico-video-grid\" data-id=\"20339578\" data-element_type=\"widget\" data-e-type=\"widget\" data-settings=\"{&quot;_animation&quot;:&quot;fadeIn&quot;,&quot;_animation_delay&quot;:250}\" data-widget_type=\"musico-video-grid.default\">\n\t\t\t\t<div class=\"elementor-widget-container\">\n\t\t\t\t\t<div class=\"portfolio_classic_container video_grid\">\n<div class=\"portfolio_filter_wrapper\">\n\t\t<a class=\"filter_tag_btn active\" href=\"javascript:;\" data-rel=\"all\" data-cols=\"3\">All<\/a>\n\t\t\t<a class=\"filter_tag_btn\" href=\"javascript:;\" data-rel=\"concert\" data-cols=\"3\">Concert<\/a>\n\t\t\t<a class=\"filter_tag_btn\" href=\"javascript:;\" data-rel=\"music-video\" data-cols=\"3\">Music Video<\/a>\n\t\t\t<a class=\"filter_tag_btn\" href=\"javascript:;\" data-rel=\"\" data-cols=\"3\"><\/a>\n\t<\/div>\n<div class=\"portfolio_classic_content_wrapper video_grid portfolio_classic layout_tg_three_cols \" data-cols=\"3\">\n\t\t<div class=\"portfolio_classic_grid_wrapper tg_three_cols   portfolio-1 tile scale-anm concert all filterable\">\n\t\t\t<div class=\"portfolio_classic_img video_grid_wrapper\">\n\t\t\t\t<a href=\"#\" class=\"video_card\" data-video-type=\"youtube\" data-video-id=\"sWhzdwygY4I\">\n\t\t\t\t\t<img decoding=\"async\" src=\"https:\/\/www.bogotapianotrio.com\/wp-content\/uploads\/2024\/01\/Captura-de-Pantalla-2024-01-07-a-las-10.02.58-a.-m-700x393.png\" alt=\"\" class=\"video_card__image\" \/>\n\t\t\t\t<\/a>\n\t\t\t<\/div>\n\t\t\t<br class=\"clear\"\/>\n\t\t\t<div class=\"portfolio_classic_content\">\n\t\t\t\t<h3 class=\"portfolio_classic_title\">Trio Conversaciones, Op. 32<\/h3>\n\t\t\t\t<div class=\"portfolio_classic_subtitle\">octubre 2023<\/div>\n\t\t\t<\/div>\n\t\t<\/div>\n\t\t<div class=\"portfolio_classic_grid_wrapper tg_three_cols   portfolio-2 tile scale-anm concert all filterable\">\n\t\t\t<div class=\"portfolio_classic_img video_grid_wrapper\">\n\t\t\t\t<a href=\"#\" class=\"video_card\" data-video-type=\"youtube\" data-video-id=\"TNGeW9opNNo\">\n\t\t\t\t\t<img decoding=\"async\" src=\"https:\/\/www.bogotapianotrio.com\/wp-content\/uploads\/2024\/01\/Captura-de-Pantalla-2024-01-07-a-las-10.06.51-a.-m-700x393.png\" alt=\"\" class=\"video_card__image\" \/>\n\t\t\t\t<\/a>\n\t\t\t<\/div>\n\t\t\t<br class=\"clear\"\/>\n\t\t\t<div class=\"portfolio_classic_content\">\n\t\t\t\t<h3 class=\"portfolio_classic_title\">PROVENZA - Karol G (cover ac\u00fastico)<\/h3>\n\t\t\t\t<div class=\"portfolio_classic_subtitle\">November 2017<\/div>\n\t\t\t<\/div>\n\t\t<\/div>\n\t\t<div class=\"portfolio_classic_grid_wrapper tg_three_cols last  portfolio-3 tile scale-anm music-video all filterable\">\n\t\t\t<div class=\"portfolio_classic_img video_grid_wrapper\">\n\t\t\t\t<a href=\"#\" class=\"video_card\" data-video-type=\"youtube\" data-video-id=\"vUKcwfoKaYk\">\n\t\t\t\t\t<img decoding=\"async\" src=\"https:\/\/www.bogotapianotrio.com\/wp-content\/uploads\/2024\/01\/Captura-de-Pantalla-2024-01-07-a-las-10.11.59-a.-m-700x393.png\" alt=\"\" class=\"video_card__image\" \/>\n\t\t\t\t<\/a>\n\t\t\t<\/div>\n\t\t\t<br class=\"clear\"\/>\n\t\t\t<div class=\"portfolio_classic_content\">\n\t\t\t\t<h3 class=\"portfolio_classic_title\"> Cuellar: tr\u00edo No 1 \u201cConversations\u201d<\/h3>\n\t\t\t\t<div class=\"portfolio_classic_subtitle\">August 2017<\/div>\n\t\t\t<\/div>\n\t\t<\/div>\n\t\t<div class=\"portfolio_classic_grid_wrapper tg_three_cols   portfolio-4 tile scale-anm  all filterable\">\n\t\t\t<div class=\"portfolio_classic_img video_grid_wrapper\">\n\t\t\t\t<a href=\"#\" class=\"video_card\" data-video-type=\"youtube\" data-video-id=\"https:\/\/www.youtube.com\/watch?v=6f-hwC-S-xs\">\n\t\t\t\t\t<img decoding=\"async\" src=\"https:\/\/www.bogotapianotrio.com\/wp-content\/uploads\/2025\/01\/Captura-de-pantalla-2025-01-20-a-las-4.41.16\u202fp.-m-700x393.png\" alt=\"\" class=\"video_card__image\" \/>\n\t\t\t\t<\/a>\n\t\t\t<\/div>\n\t\t\t<br class=\"clear\"\/>\n\t\t\t<div class=\"portfolio_classic_content\">\n\t\t\t\t<h3 class=\"portfolio_classic_title\">Bunde Tolimense<\/h3>\n\t\t\t\t<div class=\"portfolio_classic_subtitle\">Septiembre 2023<\/div>\n\t\t\t<\/div>\n\t\t<\/div>\n<br class=\"clear\"\/>\n<\/div>\n<\/div>\t\t\t\t<\/div>\n\t\t\t\t<\/div>\n\t\t\t\t\t<\/div>\n\t\t<\/div>\n\t\t\t\t\t<\/div>\n\t\t<\/section>\n\t\t\t\t<\/div>\n\t\t","protected":false},"excerpt":{"rendered":"<p>\u00daltimos Videos All Concert Music Video Trio Conversaciones, Op. 32 octubre 2023 PROVENZA &#8211; Karol G (cover ac\u00fastico) November 2017 Cuellar: tr\u00edo No 1 \u201cConversations\u201d August 2017 Bunde Tolimense Septiembre 2023<\/p>","protected":false},"author":1,"featured_media":0,"parent":0,"menu_order":0,"comment_status":"closed","ping_status":"closed","template":"","meta":{"footnotes":""},"class_list":["post-346","page","type-page","status-publish","hentry"],"_links":{"self":[{"href":"https:\/\/www.bogotapianotrio.com\/en\/wp-json\/wp\/v2\/pages\/346","targetHints":{"allow":["GET"]}}],"collection":[{"href":"https:\/\/www.bogotapianotrio.com\/en\/wp-json\/wp\/v2\/pages"}],"about":[{"href":"https:\/\/www.bogotapianotrio.com\/en\/wp-json\/wp\/v2\/types\/page"}],"author":[{"embeddable":true,"href":"https:\/\/www.bogotapianotrio.com\/en\/wp-json\/wp\/v2\/users\/1"}],"replies":[{"embeddable":true,"href":"https:\/\/www.bogotapianotrio.com\/en\/wp-json\/wp\/v2\/comments?post=346"}],"version-history":[{"count":33,"href":"https:\/\/www.bogotapianotrio.com\/en\/wp-json\/wp\/v2\/pages\/346\/revisions"}],"predecessor-version":[{"id":2912,"href":"https:\/\/www.bogotapianotrio.com\/en\/wp-json\/wp\/v2\/pages\/346\/revisions\/2912"}],"wp:attachment":[{"href":"https:\/\/www.bogotapianotrio.com\/en\/wp-json\/wp\/v2\/media?parent=346"}],"curies":[{"name":"wp","href":"https:\/\/api.w.org\/{rel}","templated":true}]}}